{"id":56,"date":"2023-09-20T15:38:14","date_gmt":"2023-09-20T15:38:14","guid":{"rendered":"https:\/\/oniprint.fi\/home\/?page_id=56"},"modified":"2024-02-20T08:07:54","modified_gmt":"2024-02-20T08:07:54","slug":"etusivu","status":"publish","type":"page","link":"https:\/\/oniprint.fi\/home\/","title":{"rendered":"Etusivu"},"content":{"rendered":"<p>[et_pb_section fb_built=&#8221;1&#8243; admin_label=&#8221;Hero&#8221; _builder_version=&#8221;4.22.1&#8243; background_color=&#8221;RGBA(255,255,255,0)&#8221; global_colors_info=&#8221;{}&#8221;][et_pb_row make_equal=&#8221;on&#8221; _builder_version=&#8221;4.22.1&#8243; background_color=&#8221;rgba(255,255,255,0.23)&#8221; background_size=&#8221;initial&#8221; background_position=&#8221;top_left&#8221; background_repeat=&#8221;repeat&#8221; global_colors_info=&#8221;{}&#8221;][et_pb_column type=&#8221;4_4&#8243; _builder_version=&#8221;4.22.1&#8243; background_color=&#8221;RGBA(255,255,255,0)&#8221; custom_padding=&#8221;|||&#8221; global_colors_info=&#8221;{}&#8221; custom_padding__hover=&#8221;|||&#8221;][et_pb_text _builder_version=&#8221;4.22.1&#8243; text_font=&#8221;Lato||||||||&#8221; text_font_size=&#8221;62px&#8221; text_line_height=&#8221;1.8em&#8221; header_font=&#8221;Oswald|300|||||||&#8221; header_font_size=&#8221;54px&#8221; header_line_height=&#8221;1.3em&#8221; header_6_font=&#8221;Lato|700||on|||||&#8221; header_6_text_color=&#8221;#ff6e77&#8243; header_6_line_height=&#8221;1.8em&#8221; min_height=&#8221;156px&#8221; custom_margin=&#8221;|||&#8221; custom_padding=&#8221;|||&#8221; custom_padding_phone=&#8221;30px||30px||true&#8221; custom_padding_last_edited=&#8221;off|desktop&#8221; header_font_size_tablet=&#8221;&#8221; header_font_size_phone=&#8221;36px&#8221; header_font_size_last_edited=&#8221;on|phone&#8221; global_colors_info=&#8221;{}&#8221;]<\/p>\n<h1 style=\"text-align: center;\">Tervetuloa <span style=\"color: #ff6e77;\">Oni Printin <\/span>pariin!<\/h1>\n<p>[\/et_pb_text][\/et_pb_column][\/et_pb_row][et_pb_row column_structure=&#8221;1_2,1_2&#8243; _builder_version=&#8221;4.22.1&#8243; _module_preset=&#8221;default&#8221; global_colors_info=&#8221;{}&#8221;][et_pb_column type=&#8221;1_2&#8243; _builder_version=&#8221;4.22.1&#8243; _module_preset=&#8221;default&#8221; global_colors_info=&#8221;{}&#8221;][et_pb_team_member name=&#8221;Sebastian Mustonen&#8221; _builder_version=&#8221;4.22.1&#8243; _module_preset=&#8221;default&#8221; header_font=&#8221;Advent Pro|700||on|||||&#8221; header_font_size=&#8221;20px&#8221; body_font=&#8221;Oswald|500|||||||&#8221; body_font_size=&#8221;16px&#8221; hover_enabled=&#8221;0&#8243; global_colors_info=&#8221;{}&#8221; sticky_enabled=&#8221;0&#8243;]<\/p>\n<p>Hei, olen Sebastian! Olen 27-vuotias illustraattori sek\u00e4 aloitteleva yritt\u00e4j\u00e4.<\/p>\n<p>Olen aikaisemmin aloittanut ty\u00f6t freelance illustraattorina vuonna 2017, jolloin olen k\u00e4ynyt anime\/manga tapahtumissa taidekujilla t\u00f6itteni kanssa. Teen edelleen piirustuksia joita voi l\u00f6yt\u00e4\u00e4 <a href=\"https:\/\/www.sebsbucket.com\/\">Sebsbucket<\/a> -sivustolta. Sielt\u00e4 l\u00f6ytyy minun portfolioni sek\u00e4 linkit sosiaaliseen mediaani.<\/p>\n<p>Oni Print on aloittanut toiminnan marraskuussa 2023 ja minut voi l\u00f6yt\u00e4\u00e4 Nurmeksen keskustasta Terveyskulman tiloista. Toimistoni l\u00f6ytyy Terveyskulman tilojen per\u00e4lt\u00e4, jossa minulta l\u00f6ytyy toimisto sek\u00e4 ty\u00f6tila.<\/p>\n<p>[\/et_pb_team_member][\/et_pb_column][et_pb_column type=&#8221;1_2&#8243; _builder_version=&#8221;4.22.1&#8243; _module_preset=&#8221;default&#8221; global_colors_info=&#8221;{}&#8221;][et_pb_image src=&#8221;https:\/\/oniprint.fi\/home\/wp-content\/uploads\/2024\/01\/IMG_4253.png&#8221; title_text=&#8221;IMG_4253&#8243; _builder_version=&#8221;4.22.1&#8243; _module_preset=&#8221;default&#8221; border_width_all=&#8221;3px&#8221; border_color_all=&#8221;#E02B20&#8243; border_style_all=&#8221;double&#8221; global_colors_info=&#8221;{}&#8221;][\/et_pb_image][\/et_pb_column][\/et_pb_row][\/et_pb_section]<\/p>\n","protected":false},"excerpt":{"rendered":"<p>Tervetuloa Oni Printin pariin!Hei, olen Sebastian! Olen 27-vuotias illustraattori sek\u00e4 aloitteleva yritt\u00e4j\u00e4. Olen aikaisemmin aloittanut ty\u00f6t freelance illustraattorina vuonna 2017, jolloin olen k\u00e4ynyt anime\/manga tapahtumissa taidekujilla t\u00f6itteni kanssa. Teen edelleen piirustuksia joita voi l\u00f6yt\u00e4\u00e4 Sebsbucket -sivustolta. Sielt\u00e4 l\u00f6ytyy minun portfolioni sek\u00e4 linkit sosiaaliseen mediaani. Oni Print on aloittanut toiminnan marraskuussa 2023 ja minut voi l\u00f6yt\u00e4\u00e4 [&hellip;]<\/p>\n","protected":false},"author":2,"featured_media":0,"parent":0,"menu_order":0,"comment_status":"closed","ping_status":"closed","template":"page-template-fullwidth.php","meta":{"_et_pb_use_builder":"on","_et_pb_old_content":"<!-- wp:divi\/placeholder \/-->","_et_gb_content_width":"","footnotes":""},"class_list":["post-56","page","type-page","status-publish","hentry"],"_links":{"self":[{"href":"https:\/\/oniprint.fi\/home\/wp-json\/wp\/v2\/pages\/56","targetHints":{"allow":["GET"]}}],"collection":[{"href":"https:\/\/oniprint.fi\/home\/wp-json\/wp\/v2\/pages"}],"about":[{"href":"https:\/\/oniprint.fi\/home\/wp-json\/wp\/v2\/types\/page"}],"author":[{"embeddable":true,"href":"https:\/\/oniprint.fi\/home\/wp-json\/wp\/v2\/users\/2"}],"replies":[{"embeddable":true,"href":"https:\/\/oniprint.fi\/home\/wp-json\/wp\/v2\/comments?post=56"}],"version-history":[{"count":21,"href":"https:\/\/oniprint.fi\/home\/wp-json\/wp\/v2\/pages\/56\/revisions"}],"predecessor-version":[{"id":147,"href":"https:\/\/oniprint.fi\/home\/wp-json\/wp\/v2\/pages\/56\/revisions\/147"}],"wp:attachment":[{"href":"https:\/\/oniprint.fi\/home\/wp-json\/wp\/v2\/media?parent=56"}],"curies":[{"name":"wp","href":"https:\/\/api.w.org\/{rel}","templated":true}]}}