{"id":80,"date":"2023-09-25T13:54:05","date_gmt":"2023-09-25T13:54:05","guid":{"rendered":"https:\/\/oniprint.fi\/home\/?page_id=80"},"modified":"2024-02-20T09:50:47","modified_gmt":"2024-02-20T09:50:47","slug":"palvelut","status":"publish","type":"page","link":"https:\/\/oniprint.fi\/home\/palvelut\/","title":{"rendered":"Palvelut"},"content":{"rendered":"<p>[et_pb_section fb_built=&#8221;1&#8243; admin_label=&#8221;Hero&#8221; _builder_version=&#8221;4.16&#8243; global_colors_info=&#8221;{}&#8221;][et_pb_row admin_label=&#8221;Skills&#8221; _builder_version=&#8221;4.16&#8243; custom_margin=&#8221;|||&#8221; locked=&#8221;off&#8221; global_colors_info=&#8221;{}&#8221;][et_pb_column type=&#8221;4_4&#8243; _builder_version=&#8221;4.16&#8243; custom_padding=&#8221;|||&#8221; global_colors_info=&#8221;{}&#8221; custom_padding__hover=&#8221;|||&#8221;][et_pb_text admin_label=&#8221;Title&#8221; _builder_version=&#8221;4.22.1&#8243; text_font=&#8221;Oswald||||||||&#8221; text_font_size=&#8221;23px&#8221; text_line_height=&#8221;1.8em&#8221; header_font=&#8221;Advent Pro||||on||||&#8221; header_font_size=&#8221;77px&#8221; header_line_height=&#8221;1.3em&#8221; header_2_font=&#8221;||||||||&#8221; header_6_font=&#8221;Lato|700||on|||||&#8221; header_6_text_color=&#8221;#ff6e77&#8243; header_6_line_height=&#8221;1.8em&#8221; text_orientation=&#8221;center&#8221; max_width=&#8221;700px&#8221; module_alignment=&#8221;center&#8221; custom_margin=&#8221;||||true&#8221; custom_padding=&#8221;|||&#8221; custom_padding_phone=&#8221;|||&#8221; custom_padding_last_edited=&#8221;off|desktop&#8221; header_font_size_tablet=&#8221;&#8221; header_font_size_phone=&#8221;42px&#8221; header_font_size_last_edited=&#8221;on|phone&#8221; locked=&#8221;off&#8221; global_colors_info=&#8221;{}&#8221;]<\/p>\n<h1>PALVELUT<\/h1>\n<p>Autan sinua luomaan uuden ilmeen yrityksellesi tai ihan muuten vaan!<br \/>K\u00e4yt\u00f6ss\u00e4ni on HP Latex 360 suurkuvatulostin sek\u00e4 SummaCut tarraleikkuri.<\/p>\n<p>[\/et_pb_text][\/et_pb_column][\/et_pb_row][et_pb_row column_structure=&#8221;1_2,1_2&#8243; _builder_version=&#8221;4.22.1&#8243; _module_preset=&#8221;default&#8221; global_colors_info=&#8221;{}&#8221;][et_pb_column type=&#8221;1_2&#8243; _builder_version=&#8221;4.22.1&#8243; _module_preset=&#8221;default&#8221; global_colors_info=&#8221;{}&#8221;][et_pb_text _builder_version=&#8221;4.22.1&#8243; _module_preset=&#8221;default&#8221; text_font=&#8221;Oswald||||||||&#8221; text_font_size=&#8221;18px&#8221; header_3_font=&#8221;Advent Pro||||||||&#8221; header_3_font_size=&#8221;30px&#8221; text_orientation=&#8221;center&#8221; global_colors_info=&#8221;{}&#8221;]<\/p>\n<h3>MAINOSTEIPPAUS<\/h3>\n<p>Mainosteippauksiin kuuluu esimerkiksi ikkunat, autot sek\u00e4 kyltit.<br \/>Materiaalina on polymeerinen kiilt\u00e4v\u00e4 teippi\/tarra valkoisena tai l\u00e4pin\u00e4kyv\u00e4n\u00e4.<\/p>\n<p>[\/et_pb_text][\/et_pb_column][et_pb_column type=&#8221;1_2&#8243; _builder_version=&#8221;4.22.1&#8243; _module_preset=&#8221;default&#8221; global_colors_info=&#8221;{}&#8221;][et_pb_text _builder_version=&#8221;4.22.1&#8243; _module_preset=&#8221;default&#8221; text_font=&#8221;Oswald||||||||&#8221; text_font_size=&#8221;18px&#8221; header_3_font=&#8221;Advent Pro||||||||&#8221; header_3_font_size=&#8221;30px&#8221; text_orientation=&#8221;center&#8221; locked=&#8221;off&#8221; global_colors_info=&#8221;{}&#8221;]<\/p>\n<h3>JULISTEET<\/h3>\n<p>Ty\u00f6t tulostetaan julistepaperille, ja niit\u00e4 voi k\u00e4ytt\u00e4\u00e4<br \/>esimerkiksi A-standeissa ja kehyksiss\u00e4 tauluna.<\/p>\n<p>[\/et_pb_text][\/et_pb_column][\/et_pb_row][et_pb_row column_structure=&#8221;1_2,1_2&#8243; _builder_version=&#8221;4.22.1&#8243; _module_preset=&#8221;default&#8221; global_colors_info=&#8221;{}&#8221;][et_pb_column type=&#8221;1_2&#8243; _builder_version=&#8221;4.22.1&#8243; _module_preset=&#8221;default&#8221; global_colors_info=&#8221;{}&#8221;][et_pb_text _builder_version=&#8221;4.22.1&#8243; _module_preset=&#8221;default&#8221; text_font=&#8221;Oswald||||||||&#8221; text_font_size=&#8221;18px&#8221; header_3_font=&#8221;Advent Pro||||||||&#8221; header_3_font_size=&#8221;30px&#8221; text_orientation=&#8221;center&#8221; locked=&#8221;off&#8221; global_colors_info=&#8221;{}&#8221;]<\/p>\n<h3>LOGOT<\/h3>\n<p>Logot ja niiden suunnittelu onnistuu. Pystyn auttamaan sinua l\u00f6yt\u00e4m\u00e4\u00e4n uuden ilmeen yrityksellesi, tai jos et ole viel\u00e4 l\u00f6yt\u00e4nyt itsellesi sit\u00e4 omaa kuvaa.<\/p>\n<p>[\/et_pb_text][\/et_pb_column][et_pb_column type=&#8221;1_2&#8243; _builder_version=&#8221;4.22.1&#8243; _module_preset=&#8221;default&#8221; global_colors_info=&#8221;{}&#8221;][et_pb_text _builder_version=&#8221;4.22.1&#8243; _module_preset=&#8221;default&#8221; text_font=&#8221;Oswald||||||||&#8221; text_font_size=&#8221;18px&#8221; header_3_font=&#8221;Advent Pro||||||||&#8221; header_3_font_size=&#8221;30px&#8221; text_orientation=&#8221;center&#8221; hover_enabled=&#8221;0&#8243; locked=&#8221;off&#8221; global_colors_info=&#8221;{}&#8221; sticky_enabled=&#8221;0&#8243;]<\/p>\n<h3>TARRAT<\/h3>\n<p>Tarrat voivat olla miss\u00e4 muodossa tahansa; kolmio, neli\u00f6, ympyr\u00e4 tai ihan vain pelkki\u00e4 irtonaisia kirjaimia ja numeroita.<br \/>Materiaali tarroille on sama kuin mainosteippauksille.<\/p>\n<p>[\/et_pb_text][\/et_pb_column][\/et_pb_row][et_pb_row column_structure=&#8221;1_2,1_2&#8243; _builder_version=&#8221;4.22.1&#8243; _module_preset=&#8221;default&#8221; global_colors_info=&#8221;{}&#8221;][et_pb_column type=&#8221;1_2&#8243; _builder_version=&#8221;4.22.1&#8243; _module_preset=&#8221;default&#8221; global_colors_info=&#8221;{}&#8221;][et_pb_text _builder_version=&#8221;4.22.1&#8243; _module_preset=&#8221;default&#8221; text_font=&#8221;Oswald||||||||&#8221; text_font_size=&#8221;18px&#8221; header_3_font=&#8221;Advent Pro||||||||&#8221; header_3_font_size=&#8221;30px&#8221; text_orientation=&#8221;center&#8221; locked=&#8221;off&#8221; global_colors_info=&#8221;{}&#8221;]<\/p>\n<h3>LEHTISET &amp; MAINOKSET<\/h3>\n<p>Lehtisten ja mainosten suunnittelu onnistuu, mutta voi my\u00f6s tulla valmiin materiaalin kanssa joka vain tulostetaan ja taitetaan tai leikataan tarvittaessa.<\/p>\n<p>[\/et_pb_text][\/et_pb_column][et_pb_column type=&#8221;1_2&#8243; _builder_version=&#8221;4.22.1&#8243; _module_preset=&#8221;default&#8221; global_colors_info=&#8221;{}&#8221;][\/et_pb_column][\/et_pb_row][\/et_pb_section]<\/p>\n","protected":false},"excerpt":{"rendered":"<p>PALVELUT Autan sinua luomaan uuden ilmeen yrityksellesi tai ihan muuten vaan!K\u00e4yt\u00f6ss\u00e4ni on HP Latex 360 suurkuvatulostin sek\u00e4 SummaCut tarraleikkuri.MAINOSTEIPPAUS Mainosteippauksiin kuuluu esimerkiksi ikkunat, autot sek\u00e4 kyltit.Materiaalina on polymeerinen kiilt\u00e4v\u00e4 teippi\/tarra valkoisena tai l\u00e4pin\u00e4kyv\u00e4n\u00e4.JULISTEET Ty\u00f6t tulostetaan julistepaperille, ja niit\u00e4 voi k\u00e4ytt\u00e4\u00e4esimerkiksi A-standeissa ja kehyksiss\u00e4 tauluna.LOGOT Logot ja niiden suunnittelu onnistuu. Pystyn auttamaan sinua l\u00f6yt\u00e4m\u00e4\u00e4n uuden ilmeen [&hellip;]<\/p>\n","protected":false},"author":2,"featured_media":0,"parent":0,"menu_order":0,"comment_status":"closed","ping_status":"closed","template":"page-template-fullwidth.php","meta":{"_et_pb_use_builder":"on","_et_pb_old_content":"","_et_gb_content_width":"","footnotes":""},"class_list":["post-80","page","type-page","status-publish","hentry"],"_links":{"self":[{"href":"https:\/\/oniprint.fi\/home\/wp-json\/wp\/v2\/pages\/80","targetHints":{"allow":["GET"]}}],"collection":[{"href":"https:\/\/oniprint.fi\/home\/wp-json\/wp\/v2\/pages"}],"about":[{"href":"https:\/\/oniprint.fi\/home\/wp-json\/wp\/v2\/types\/page"}],"author":[{"embeddable":true,"href":"https:\/\/oniprint.fi\/home\/wp-json\/wp\/v2\/users\/2"}],"replies":[{"embeddable":true,"href":"https:\/\/oniprint.fi\/home\/wp-json\/wp\/v2\/comments?post=80"}],"version-history":[{"count":15,"href":"https:\/\/oniprint.fi\/home\/wp-json\/wp\/v2\/pages\/80\/revisions"}],"predecessor-version":[{"id":157,"href":"https:\/\/oniprint.fi\/home\/wp-json\/wp\/v2\/pages\/80\/revisions\/157"}],"wp:attachment":[{"href":"https:\/\/oniprint.fi\/home\/wp-json\/wp\/v2\/media?parent=80"}],"curies":[{"name":"wp","href":"https:\/\/api.w.org\/{rel}","templated":true}]}}